{"id":91,"date":"2022-04-04T18:59:36","date_gmt":"2022-04-04T16:59:36","guid":{"rendered":"http:\/\/horsewm.cluster024.hosting.ovh.net\/?page_id=91"},"modified":"2025-08-09T09:36:02","modified_gmt":"2025-08-09T07:36:02","slug":"infrastructures","status":"publish","type":"page","link":"http:\/\/horsewm.cluster024.hosting.ovh.net\/?page_id=91","title":{"rendered":"INFRASTRUCTURES"},"content":{"rendered":"\n<ul class=\"wp-block-list\"><li>16 boxes de 3X4m <\/li><li>12 boxes 3x3m avec acc\u00e8s direct aux paddocks\/prairies<\/li><li>Prairies H24 avec abris et paddock stabilis\u00e9<\/li><li>Piste ext\u00e9rieure de bonne qualit\u00e9, \u00e9clair\u00e9e<\/li><li>Rond de longe de 18m de diam\u00e8tre<\/li><li>Aquatrainer (tapis roulant immerg\u00e9)<\/li><li>Obstacle \u00e0 disposition<\/li><li>12 hectares de prairie<\/li><li>Paddock stabilis\u00e9<\/li><li>Tour de galop sur herbe avec obstacles de cross<\/li><li>Salle de pansage avec eau froide\/chaude<\/li><li>Solarium<\/li><li>Cam\u00e9ras de surveillances<\/li><li>Pr\u00e9sence sur place<\/li><\/ul>\n\n\n\n<p><\/p>\n","protected":false},"excerpt":{"rendered":"<p>16 boxes de 3X4m 12 boxes 3x3m avec acc\u00e8s direct aux paddocks\/prairies Prairies H24 avec abris et paddock stabilis\u00e9 Piste ext\u00e9rieure de bonne qualit\u00e9, \u00e9clair\u00e9e Rond de longe de 18m de diam\u00e8tre Aquatrainer (tapis roulant immerg\u00e9) Obstacle \u00e0 disposition 12 hectares de prairie Paddock stabilis\u00e9 Tour de galop sur herbe avec obstacles de cross Salle de pansage avec eau froide\/chaude &hellip; <\/p>\n","protected":false},"author":1,"featured_media":219,"parent":0,"menu_order":2,"comment_status":"closed","ping_status":"closed","template":"","meta":{"footnotes":""},"class_list":["post-91","page","type-page","status-publish","has-post-thumbnail","hentry"],"_links":{"self":[{"href":"http:\/\/horsewm.cluster024.hosting.ovh.net\/index.php?rest_route=\/wp\/v2\/pages\/91","targetHints":{"allow":["GET"]}}],"collection":[{"href":"http:\/\/horsewm.cluster024.hosting.ovh.net\/index.php?rest_route=\/wp\/v2\/pages"}],"about":[{"href":"http:\/\/horsewm.cluster024.hosting.ovh.net\/index.php?rest_route=\/wp\/v2\/types\/page"}],"author":[{"embeddable":true,"href":"http:\/\/horsewm.cluster024.hosting.ovh.net\/index.php?rest_route=\/wp\/v2\/users\/1"}],"replies":[{"embeddable":true,"href":"http:\/\/horsewm.cluster024.hosting.ovh.net\/index.php?rest_route=%2Fwp%2Fv2%2Fcomments&post=91"}],"version-history":[{"count":14,"href":"http:\/\/horsewm.cluster024.hosting.ovh.net\/index.php?rest_route=\/wp\/v2\/pages\/91\/revisions"}],"predecessor-version":[{"id":256,"href":"http:\/\/horsewm.cluster024.hosting.ovh.net\/index.php?rest_route=\/wp\/v2\/pages\/91\/revisions\/256"}],"wp:featuredmedia":[{"embeddable":true,"href":"http:\/\/horsewm.cluster024.hosting.ovh.net\/index.php?rest_route=\/wp\/v2\/media\/219"}],"wp:attachment":[{"href":"http:\/\/horsewm.cluster024.hosting.ovh.net\/index.php?rest_route=%2Fwp%2Fv2%2Fmedia&parent=91"}],"curies":[{"name":"wp","href":"https:\/\/api.w.org\/{rel}","templated":true}]}}