{"id":24,"date":"2020-02-13T21:40:16","date_gmt":"2020-02-13T20:40:16","guid":{"rendered":"http:\/\/horsewm.cluster024.hosting.ovh.net\/?page_id=24"},"modified":"2025-03-26T09:24:37","modified_gmt":"2025-03-26T08:24:37","slug":"horse-wellness","status":"publish","type":"page","link":"http:\/\/horsewm.cluster024.hosting.ovh.net\/","title":{"rendered":"HORSE WELLNESS"},"content":{"rendered":"\n<p>Horse Wellness est une \u00e9curie priv\u00e9e localis\u00e9e sur Nivelles (Bornival).<br>Ecurie familiale o\u00f9 le bien-\u00eatre du cheval est notre priorit\u00e9.<\/p>\n\n\n\n<p>On vous propose diff\u00e9rents types de pensions:<\/p>\n\n\n\n<ul class=\"wp-block-list\"><li>pension compl\u00e8te (box + sortie)<\/li><li>pension prairie H24<\/li><li>pension box (nuit) \/ prairie<\/li><\/ul>\n\n\n\n<p>Ecurie multidisciplinaire, libre choix de v\u00e9t\u00e9rinaire, mar\u00e9chal, coach.<\/p>\n\n\n\n<p>Ecurie facile d&#8217;acc\u00e8s, \u00e0 quelques minutes des grands axes (Ring Bruxelles\/Mons\/Charleroi). Accessible en transport en commun (arr\u00eat de bus devant l&#8217;\u00e9curie).<\/p>\n\n\n\n<p><\/p>\n","protected":false},"excerpt":{"rendered":"<p>Horse Wellness est une \u00e9curie priv\u00e9e localis\u00e9e sur Nivelles (Bornival).Ecurie familiale o\u00f9 le bien-\u00eatre du cheval est notre priorit\u00e9. On vous propose diff\u00e9rents types de pensions: pension compl\u00e8te (box + sortie) pension prairie H24 pension box (nuit) \/ prairie Ecurie multidisciplinaire, libre choix de v\u00e9t\u00e9rinaire, mar\u00e9chal, coach. Ecurie facile d&#8217;acc\u00e8s, \u00e0 quelques minutes des grands axes (Ring Bruxelles\/Mons\/Charleroi). Accessible en &hellip; <\/p>\n","protected":false},"author":1,"featured_media":121,"parent":0,"menu_order":1,"comment_status":"closed","ping_status":"closed","template":"","meta":{"footnotes":""},"class_list":["post-24","page","type-page","status-publish","has-post-thumbnail","hentry"],"_links":{"self":[{"href":"http:\/\/horsewm.cluster024.hosting.ovh.net\/index.php?rest_route=\/wp\/v2\/pages\/24","targetHints":{"allow":["GET"]}}],"collection":[{"href":"http:\/\/horsewm.cluster024.hosting.ovh.net\/index.php?rest_route=\/wp\/v2\/pages"}],"about":[{"href":"http:\/\/horsewm.cluster024.hosting.ovh.net\/index.php?rest_route=\/wp\/v2\/types\/page"}],"author":[{"embeddable":true,"href":"http:\/\/horsewm.cluster024.hosting.ovh.net\/index.php?rest_route=\/wp\/v2\/users\/1"}],"replies":[{"embeddable":true,"href":"http:\/\/horsewm.cluster024.hosting.ovh.net\/index.php?rest_route=%2Fwp%2Fv2%2Fcomments&post=24"}],"version-history":[{"count":12,"href":"http:\/\/horsewm.cluster024.hosting.ovh.net\/index.php?rest_route=\/wp\/v2\/pages\/24\/revisions"}],"predecessor-version":[{"id":241,"href":"http:\/\/horsewm.cluster024.hosting.ovh.net\/index.php?rest_route=\/wp\/v2\/pages\/24\/revisions\/241"}],"wp:featuredmedia":[{"embeddable":true,"href":"http:\/\/horsewm.cluster024.hosting.ovh.net\/index.php?rest_route=\/wp\/v2\/media\/121"}],"wp:attachment":[{"href":"http:\/\/horsewm.cluster024.hosting.ovh.net\/index.php?rest_route=%2Fwp%2Fv2%2Fmedia&parent=24"}],"curies":[{"name":"wp","href":"https:\/\/api.w.org\/{rel}","templated":true}]}}