{"id":202,"date":"2024-05-07T10:13:31","date_gmt":"2024-05-07T08:13:31","guid":{"rendered":"http:\/\/horsewm.cluster024.hosting.ovh.net\/?page_id=202"},"modified":"2025-05-23T09:26:24","modified_gmt":"2025-05-23T07:26:24","slug":"aquatrainer","status":"publish","type":"page","link":"http:\/\/horsewm.cluster024.hosting.ovh.net\/?page_id=202","title":{"rendered":"AQUATRAINER"},"content":{"rendered":"\n<p>Nous sommes \u00e9galement \u00e9quip\u00e9 d&#8217;un aquatrainer.<\/p>\n\n\n\n<p>Qu\u2019est-ce qu\u2019un aquatrainer ?<\/p>\n\n\n\n<p>Un aquatrainer est un tapis roulant inclinable dans lequel on peut mettre de l\u2019eau \u00e0 la hauteur qui convient pour la r\u00e9habilitation\/ l\u2019entrainement du cheval. Notre aquatrainer est \u00e9galement \u00e9quip\u00e9 d\u2019hydrojets, les jets d\u2019eau interviennent principalement sur la partie inf\u00e9rieure des membres et agissent comme un hydromassage.<\/p>\n\n\n\n<p>Horse Wellness, pour qui ?<\/p>\n\n\n\n<p>L\u2019aquatrainer convient \u00e0 tous type de chevaux. On peut l\u2019int\u00e9grer au programme d\u2019entrainement du cheval sain et peut \u00e9galement \u00eatre utilis\u00e9 pour le revalidation du cheval bless\u00e9. N\u2019h\u00e9sitez pas \u00e0 demander l\u2019avis de votre v\u00e9t\u00e9rinaire.<\/p>\n\n\n\n<p>Effet de l\u2019aquatrainer :<\/p>\n\n\n\n<ul class=\"wp-block-list\"><li>D\u00e9veloppement&nbsp;&nbsp;et renforcement musculaire<\/li><li>Augmentation de l\u2019endurance<\/li><li>Augmentation de la circulation et vascularisation gr\u00e2ce \u00e0 l\u2019effet massant de l\u2019eau<\/li><li>Lib\u00e9ration articulaire une fois immerg\u00e9 dans l\u2019eau<\/li><li>Contraction des abdominaux et rel\u00e2chement des tensions dans le dos<\/li><\/ul>\n\n\n\n<p>Prix: <\/p>\n\n\n\n<p>60\u20ac\/s\u00e9ance pour les ext\u00e9rieurs<br>50\u20ac\/s\u00e9ance pour les pensionnaires<\/p>\n\n\n\n<p><\/p>\n\n\n\n<figure class=\"wp-block-image size-large is-resized\"><img loading=\"lazy\" decoding=\"async\" src=\"http:\/\/horsewm.cluster024.hosting.ovh.net\/wp-content\/uploads\/2024\/05\/IMG_3247.jpeg\" alt=\"\" class=\"wp-image-203\" width=\"538\" height=\"398\" srcset=\"http:\/\/horsewm.cluster024.hosting.ovh.net\/wp-content\/uploads\/2024\/05\/IMG_3247.jpeg 864w, http:\/\/horsewm.cluster024.hosting.ovh.net\/wp-content\/uploads\/2024\/05\/IMG_3247-300x222.jpeg 300w, http:\/\/horsewm.cluster024.hosting.ovh.net\/wp-content\/uploads\/2024\/05\/IMG_3247-768x569.jpeg 768w, http:\/\/horsewm.cluster024.hosting.ovh.net\/wp-content\/uploads\/2024\/05\/IMG_3247-81x60.jpeg 81w\" sizes=\"auto, (max-width: 538px) 100vw, 538px\" \/><\/figure>\n","protected":false},"excerpt":{"rendered":"<p>Nous sommes \u00e9galement \u00e9quip\u00e9 d&#8217;un aquatrainer. Qu\u2019est-ce qu\u2019un aquatrainer ? Un aquatrainer est un tapis roulant inclinable dans lequel on peut mettre de l\u2019eau \u00e0 la hauteur qui convient pour la r\u00e9habilitation\/ l\u2019entrainement du cheval. Notre aquatrainer est \u00e9galement \u00e9quip\u00e9 d\u2019hydrojets, les jets d\u2019eau interviennent principalement sur la partie inf\u00e9rieure des membres et agissent comme un hydromassage. Horse Wellness, pour &hellip; <\/p>\n","protected":false},"author":1,"featured_media":0,"parent":0,"menu_order":5,"comment_status":"closed","ping_status":"closed","template":"","meta":{"footnotes":""},"class_list":["post-202","page","type-page","status-publish","hentry"],"_links":{"self":[{"href":"http:\/\/horsewm.cluster024.hosting.ovh.net\/index.php?rest_route=\/wp\/v2\/pages\/202","targetHints":{"allow":["GET"]}}],"collection":[{"href":"http:\/\/horsewm.cluster024.hosting.ovh.net\/index.php?rest_route=\/wp\/v2\/pages"}],"about":[{"href":"http:\/\/horsewm.cluster024.hosting.ovh.net\/index.php?rest_route=\/wp\/v2\/types\/page"}],"author":[{"embeddable":true,"href":"http:\/\/horsewm.cluster024.hosting.ovh.net\/index.php?rest_route=\/wp\/v2\/users\/1"}],"replies":[{"embeddable":true,"href":"http:\/\/horsewm.cluster024.hosting.ovh.net\/index.php?rest_route=%2Fwp%2Fv2%2Fcomments&post=202"}],"version-history":[{"count":2,"href":"http:\/\/horsewm.cluster024.hosting.ovh.net\/index.php?rest_route=\/wp\/v2\/pages\/202\/revisions"}],"predecessor-version":[{"id":244,"href":"http:\/\/horsewm.cluster024.hosting.ovh.net\/index.php?rest_route=\/wp\/v2\/pages\/202\/revisions\/244"}],"wp:attachment":[{"href":"http:\/\/horsewm.cluster024.hosting.ovh.net\/index.php?rest_route=%2Fwp%2Fv2%2Fmedia&parent=202"}],"curies":[{"name":"wp","href":"https:\/\/api.w.org\/{rel}","templated":true}]}}